{"id":14093,"date":"2014-03-26T14:44:33","date_gmt":"2014-03-26T14:44:33","guid":{"rendered":"http:\/\/demo.qodeinteractive.com\/bridge\/?page_id=14093"},"modified":"2024-05-09T13:44:50","modified_gmt":"2024-05-09T11:44:50","slug":"lichtratgeberledratgeberuebersicht","status":"publish","type":"page","link":"https:\/\/www.noserlight.ch\/home\/lichtratgeberledratgeberuebersicht\/","title":{"rendered":"Licht &#8211; und LED Ratgeber"},"content":{"rendered":"<div class=\"wpb-content-wrapper\"><p>[vc_row css_animation=&#8220;&#8220; row_type=&#8220;row&#8220; use_row_as_full_screen_section=&#8220;no&#8220; type=&#8220;grid&#8220; angled_section=&#8220;no&#8220; text_align=&#8220;left&#8220; background_image_as_pattern=&#8220;without_pattern&#8220; padding_top=&#8220;87&#8243;][vc_column width=&#8220;1\/3&#8243;][vc_separator type=&#8220;transparent&#8220; up=&#8220;7&#8243; down=&#8220;0&#8243;][vc_single_image image=&#8220;26781&#8243; img_size=&#8220;full&#8220; qode_css_animation=&#8220;element_from_right&#8220; transition_delay=&#8220;0.3&#8243;][vc_separator type=&#8220;transparent&#8220; up=&#8220;15&#8243; down=&#8220;0&#8243;][\/vc_column][vc_column width=&#8220;2\/3&#8243;][vc_column_text]<\/p>\n<h2 style=\"text-align: left;\">LED? D\u00c4 NOSI WEISS MEH!<\/h2>\n<p>[\/vc_column_text][vc_separator type=&#8220;small&#8220; position=&#8220;left&#8220; down=&#8220;34&#8243; up=&#8220;7&#8243;][vc_column_text]Mit \u00fcber 20 Jahren Erfahrung in der LED-Technologie und LED Produkten, sowie mit mehr als 35 Jahren Know-How und Expertise im Bereich Licht, sind wir stolz darauf, (fast) jede deiner Fragen zum Thema Beleuchtung beantworten zu k\u00f6nnen.<\/p>\n<p>Also, sei nicht sch\u00fcchtern!<\/p>\n<p>Ob du nun dein Zuhause oder dein Unternehmen beleuchten m\u00f6chtest, wir haben die L\u00f6sungen, die du ben\u00f6tigst, um deine Visionen Wirklichkeit werden zu lassen. Lass dich von unserer langj\u00e4hrigen Erfahrung und unserem umfassenden Wissen im Bereich der Beleuchtung \u00fcberzeugen.<\/p>\n<p>[\/vc_column_text][vc_separator type=&#8220;transparent&#8220; up=&#8220;20&#8243; down=&#8220;16&#8243;]<a  itemprop=\"url\" href=\"https:\/\/www.noserlight.ch\/home\/kontakt\/\" target=\"_self\"  class=\"qbutton  default\" style=\"\">Kontaktiere uns<\/a>[\/vc_column][\/vc_row][vc_row css_animation=&#8220;&#8220; row_type=&#8220;row&#8220; use_row_as_full_screen_section=&#8220;no&#8220; type=&#8220;full_width&#8220; angled_section=&#8220;no&#8220; text_align=&#8220;left&#8220; background_image_as_pattern=&#8220;without_pattern&#8220;][vc_column][vc_separator type=&#8220;transparent&#8220; up=&#8220;94&#8243; down=&#8220;0&#8243;][\/vc_column][\/vc_row][vc_row css_animation=&#8220;&#8220; row_type=&#8220;row&#8220; use_row_as_full_screen_section=&#8220;no&#8220; type=&#8220;grid&#8220; angled_section=&#8220;no&#8220; text_align=&#8220;left&#8220; background_image_as_pattern=&#8220;without_pattern&#8220; padding_top=&#8220;87&#8243; background_color=&#8220;#ffffff&#8220;][vc_column width=&#8220;2\/3&#8243;][vc_column_text]<\/p>\n<h2 style=\"text-align: left;\"><a href=\"https:\/\/noserlight.ch\/LEDInfo\/NOSERLIGHT_LEDRatgeberLichtRatgeber.pdf\" target=\"_blank\" rel=\"noopener\">RATGEBER \u00dcBERSICHT<\/a><\/h2>\n<p>[\/vc_column_text][vc_separator type=&#8220;small&#8220; position=&#8220;left&#8220; down=&#8220;34&#8243; up=&#8220;7&#8243;][vc_column_text]Willkommen in unserer faszinierenden LED-Welt! Tauche ein und entdecke die unendlichen M\u00f6glichkeiten, die unsere innovativen LED-L\u00f6sungen bieten. M\u00f6chtest du das perfekte Licht in jedem Raum kreieren? Kein Problem! Hol dir wertvolle Tipps und Inspiration von unseren Experten f\u00fcr die Gestaltung deiner Beleuchtung.<\/p>\n<p>Egal, ob du dein Zuhause gem\u00fctlich gestalten oder deine Gesch\u00e4ftsr\u00e4ume professionell beleuchten m\u00f6chtest, wir haben die passenden L\u00f6sungen f\u00fcr dich. Unsere energieeffizienten LED-Produkte vereinen h\u00f6chste Qualit\u00e4t mit modernstem Design und helfen dir dabei, deine Visionen Wirklichkeit werden zu lassen.[\/vc_column_text][vc_separator type=&#8220;transparent&#8220; up=&#8220;20&#8243; down=&#8220;16&#8243;]<a  itemprop=\"url\" href=\"#\" target=\"_self\"  class=\"qbutton  default\" style=\"\">See More<\/a>[vc_separator type=&#8220;transparent&#8220; up=&#8220;15&#8243; down=&#8220;0&#8243;][\/vc_column][vc_column width=&#8220;1\/3&#8243;][vc_separator type=&#8220;transparent&#8220; up=&#8220;7&#8243; down=&#8220;0&#8243;][vc_single_image image=&#8220;26078&#8243; img_size=&#8220;full&#8220; qode_css_animation=&#8220;element_from_right&#8220; transition_delay=&#8220;0.3&#8243;][\/vc_column][\/vc_row][vc_row css_animation=&#8220;&#8220; row_type=&#8220;row&#8220; use_row_as_full_screen_section=&#8220;no&#8220; type=&#8220;full_width&#8220; angled_section=&#8220;no&#8220; text_align=&#8220;left&#8220; background_image_as_pattern=&#8220;without_pattern&#8220; background_color=&#8220;#ffffff&#8220;][vc_column][vc_separator type=&#8220;transparent&#8220; up=&#8220;94&#8243; down=&#8220;0&#8243;][\/vc_column][\/vc_row][vc_row css_animation=&#8220;&#8220; row_type=&#8220;row&#8220; use_row_as_full_screen_section=&#8220;no&#8220; type=&#8220;grid&#8220; angled_section=&#8220;no&#8220; text_align=&#8220;left&#8220; background_image_as_pattern=&#8220;without_pattern&#8220; padding_top=&#8220;87&#8243;][vc_column width=&#8220;1\/3&#8243;][vc_separator type=&#8220;transparent&#8220; up=&#8220;7&#8243; down=&#8220;0&#8243;][vc_single_image image=&#8220;16766&#8243; img_size=&#8220;full&#8220; onclick=&#8220;custom_link&#8220; qode_css_animation=&#8220;element_from_left&#8220; transition_delay=&#8220;0.3&#8243; link=&#8220;https:\/\/noserlight.ch\/LEDInfo\/NOSERLIGHT_LEDRatgeberLichtRatgeber.pdf&#8220;][vc_separator type=&#8220;transparent&#8220; up=&#8220;15&#8243; down=&#8220;0&#8243;][\/vc_column][vc_column width=&#8220;2\/3&#8243;][vc_column_text]<\/p>\n<h2 style=\"text-align: left;\"><a href=\"https:\/\/noserlight.ch\/LEDInfo\/NOSERLIGHT_LEDRatgeberLichtRatgeber.pdf\" target=\"_blank\" rel=\"noopener\">RATGEBER BELEUCHTUNG<br \/>\nF\u00dcR ZUHAUSE<\/a><\/h2>\n<p>[\/vc_column_text][vc_separator type=&#8220;small&#8220; position=&#8220;left&#8220; down=&#8220;34&#8243; up=&#8220;7&#8243;][vc_column_text]Entdecke unseren umfassenden LED-Lichtratgeber f\u00fcr den Heimbereich und bringe Licht in dein Zuhause auf eine v\u00f6llig neue Ebene! Mit unserer langj\u00e4hrigen Fachkompetenz bieten wir dir nicht nur die besten Produkte, sondern auch wertvolle Tipps und Ratschl\u00e4ge, um deine Wohnr\u00e4ume optimal zu beleuchten.<\/p>\n<p>Egal, ob du nach stimmungsvoller Beleuchtung f\u00fcr dein Wohnzimmer suchst, deinen Arbeitsbereich mit funktionalem Licht ausstatten m\u00f6chtest oder deine K\u00fcche in strahlendes Licht tauchen willst \u2013 unser Ratgeber hilft dir dabei, die richtigen Entscheidungen zu treffen.[\/vc_column_text][vc_separator type=&#8220;transparent&#8220; up=&#8220;20&#8243; down=&#8220;16&#8243;]<a  itemprop=\"url\" href=\"https:\/\/noserlight.ch\/LEDInfo\/NOSERLIGHT_LEDRatgeberLichtRatgeber.pdf\" target=\"_self\"  class=\"qbutton  default\" style=\"\">Mehr dazu<\/a>[\/vc_column][\/vc_row][vc_row css_animation=&#8220;&#8220; row_type=&#8220;row&#8220; use_row_as_full_screen_section=&#8220;no&#8220; type=&#8220;full_width&#8220; angled_section=&#8220;no&#8220; text_align=&#8220;left&#8220; background_image_as_pattern=&#8220;without_pattern&#8220;][vc_column][vc_separator type=&#8220;transparent&#8220; up=&#8220;94&#8243; down=&#8220;0&#8243;][\/vc_column][\/vc_row][vc_row css_animation=&#8220;&#8220; row_type=&#8220;row&#8220; use_row_as_full_screen_section=&#8220;no&#8220; type=&#8220;grid&#8220; angled_section=&#8220;no&#8220; text_align=&#8220;left&#8220; background_image_as_pattern=&#8220;without_pattern&#8220; padding_top=&#8220;87&#8243; background_color=&#8220;#ffffff&#8220;][vc_column width=&#8220;2\/3&#8243;][vc_column_text]<\/p>\n<h2 style=\"text-align: left;\"><a href=\"https:\/\/noserlight.ch\/LEDInfo\/NOSERLIGHT_LichtRatgeberLEDRatgeber.pdf\" target=\"_blank\" rel=\"noopener\">RATGEBER BEEUCHTUNG<br \/>\nF\u00dcR IM BUSINESS<\/a><\/h2>\n<p>[\/vc_column_text][vc_separator type=&#8220;small&#8220; position=&#8220;left&#8220; down=&#8220;34&#8243; up=&#8220;7&#8243;][vc_column_text]Entdecke unseren umfangreichen LED-Lichtratgeber f\u00fcr den B2B-Bereich und bringe dein Unternehmen mit erstklassiger Beleuchtung auf ein neues Niveau! Mit unserer langj\u00e4hrigen Fachkompetenz stehen wir dir nicht nur mit hochwertigen Produkten zur Seite, sondern bieten auch wertvolle Einblicke und Beratung, um deine Gesch\u00e4ftsr\u00e4ume optimal zu beleuchten.<\/p>\n<p>Egal, ob du nach effektiver B\u00fcrobeleuchtung, professionellen Lichtl\u00f6sungen f\u00fcr Einzelhandelsgesch\u00e4fte oder atmosph\u00e4rischer Ausleuchtung f\u00fcr Restaurants und Hotels suchst \u2013 unser Ratgeber unterst\u00fctzt dich dabei, die passenden Entscheidungen zu treffen.[\/vc_column_text][vc_separator type=&#8220;transparent&#8220; up=&#8220;20&#8243; down=&#8220;16&#8243;]<a  itemprop=\"url\" href=\"https:\/\/noserlight.ch\/LEDInfo\/NOSERLIGHT_LichtRatgeberLEDRatgeber.pdf\" target=\"_self\"  class=\"qbutton  default\" style=\"\">Mehr dazu<\/a>[\/vc_column][vc_column width=&#8220;1\/3&#8243;][vc_separator type=&#8220;transparent&#8220; up=&#8220;7&#8243; down=&#8220;0&#8243;][vc_single_image image=&#8220;17245&#8243; img_size=&#8220;full&#8220; onclick=&#8220;custom_link&#8220; qode_css_animation=&#8220;element_from_right&#8220; transition_delay=&#8220;0.3&#8243; link=&#8220;https:\/\/noserlight.ch\/LEDInfo\/NOSERLIGHT_LichtRatgeberLEDRatgeber.pdf&#8220;][vc_separator type=&#8220;transparent&#8220; up=&#8220;15&#8243; down=&#8220;0&#8243;][\/vc_column][\/vc_row][vc_row css_animation=&#8220;&#8220; row_type=&#8220;row&#8220; use_row_as_full_screen_section=&#8220;no&#8220; type=&#8220;full_width&#8220; angled_section=&#8220;no&#8220; text_align=&#8220;left&#8220; background_image_as_pattern=&#8220;without_pattern&#8220; background_color=&#8220;#ffffff&#8220;][vc_column][vc_separator type=&#8220;transparent&#8220; up=&#8220;94&#8243; down=&#8220;0&#8243;][\/vc_column][\/vc_row][vc_row css_animation=&#8220;&#8220; row_type=&#8220;row&#8220; use_row_as_full_screen_section=&#8220;no&#8220; type=&#8220;grid&#8220; angled_section=&#8220;no&#8220; text_align=&#8220;left&#8220; background_image_as_pattern=&#8220;without_pattern&#8220; padding_top=&#8220;87&#8243;][vc_column width=&#8220;1\/3&#8243;][vc_separator type=&#8220;transparent&#8220; up=&#8220;7&#8243; down=&#8220;0&#8243;][vc_single_image image=&#8220;26777&#8243; img_size=&#8220;full&#8220; qode_css_animation=&#8220;element_from_left&#8220; transition_delay=&#8220;0.3&#8243;][vc_separator type=&#8220;transparent&#8220; up=&#8220;15&#8243; down=&#8220;0&#8243;][\/vc_column][vc_column width=&#8220;2\/3&#8243;][vc_column_text]<\/p>\n<h2 style=\"text-align: left;\"><a href=\"https:\/\/www.noserlight.ch\/home\/kontakt\/\" target=\"_blank\" rel=\"noopener\">WALK-IN AUSSTELLUNG<br \/>\nUND SHOP<\/a><\/h2>\n<p>[\/vc_column_text][vc_separator type=&#8220;small&#8220; position=&#8220;left&#8220; down=&#8220;34&#8243; up=&#8220;7&#8243;][vc_column_text]Zus\u00e4tzlich zu unserem Ratgeber laden wir dich herzlich ein, unsere grosse LED-Ausstellung zu besuchen. Dort kannst du die verschiedenen Lichtl\u00f6sungen und unsere Produkte live erleben.<\/p>\n<p>Unsere pers\u00f6nliche Beratung hilft dir dabei, die optimale Beleuchtungsl\u00f6sung f\u00fcr deine individuellen Anforderungen zu finden.<\/p>\n<p>Wir legen dabei nicht nur Wert auf herausragendes Design, sondern auch auf maximale Funktionalit\u00e4t und Energieeffizienz. Dem besten Presi-\/Leistungsverh\u00e4ltis &#8211; seit \u00fcber 35 Jahren.[\/vc_column_text][vc_separator type=&#8220;transparent&#8220; up=&#8220;20&#8243; down=&#8220;16&#8243;]<a  itemprop=\"url\" href=\"https:\/\/www.noserlight.ch\/home\/kontakt\/\" target=\"_self\"  class=\"qbutton  default\" style=\"\">Besuche uns<\/a>[\/vc_column][\/vc_row][vc_row css_animation=&#8220;&#8220; row_type=&#8220;row&#8220; use_row_as_full_screen_section=&#8220;no&#8220; type=&#8220;full_width&#8220; angled_section=&#8220;no&#8220; text_align=&#8220;left&#8220; background_image_as_pattern=&#8220;without_pattern&#8220;][vc_column][vc_separator type=&#8220;transparent&#8220; up=&#8220;94&#8243; down=&#8220;0&#8243;][\/vc_column][\/vc_row]<\/p>\n<\/div>","protected":false},"excerpt":{"rendered":"<p>[vc_row css_animation=&#8220;&#8220; row_type=&#8220;row&#8220; use_row_as_full_screen_section=&#8220;no&#8220; type=&#8220;grid&#8220; angled_section=&#8220;no&#8220; text_align=&#8220;left&#8220; background_image_as_pattern=&#8220;without_pattern&#8220; padding_top=&#8220;87&#8243;][vc_column width=&#8220;1\/3&#8243;][vc_separator type=&#8220;transparent&#8220; up=&#8220;7&#8243; down=&#8220;0&#8243;][vc_single_image image=&#8220;26781&#8243; img_size=&#8220;full&#8220;&#8230;<\/p>\n","protected":false},"author":1,"featured_media":0,"parent":0,"menu_order":0,"comment_status":"closed","ping_status":"open","template":"full_width.php","meta":{"footnotes":""},"class_list":["post-14093","page","type-page","status-publish","hentry"],"yoast_head":"<!-- This site is optimized with the Yoast SEO plugin v27.0 - https:\/\/yoast.com\/product\/yoast-seo-wordpress\/ -->\r\n<title>Licht - und LED Ratgeber - Noserlight AG, LED Leuchten und LED Lampen, LED, Licht, Lichtplanung<\/title>\r\n<meta name=\"robots\" content=\"index, follow, max-snippet:-1, max-image-preview:large, max-video-preview:-1\" \/>\r\n<link rel=\"canonical\" href=\"https:\/\/www.noserlight.ch\/home\/lichtratgeberledratgeberuebersicht\/\" \/>\r\n<meta property=\"og:locale\" content=\"de_DE\" \/>\r\n<meta property=\"og:type\" content=\"article\" \/>\r\n<meta property=\"og:title\" content=\"Licht - und LED Ratgeber - Noserlight AG, LED Leuchten und LED Lampen, LED, Licht, Lichtplanung\" \/>\r\n<meta property=\"og:description\" content=\"[vc_row css_animation=&#8220;&#8220; row_type=&#8220;row&#8220; use_row_as_full_screen_section=&#8220;no&#8220; type=&#8220;grid&#8220; angled_section=&#8220;no&#8220; text_align=&#8220;left&#8220; background_image_as_pattern=&#8220;without_pattern&#8220; padding_top=&#8220;87&#8243;][vc_column width=&#8220;1\/3&#8243;][vc_separator type=&#8220;transparent&#8220; up=&#8220;7&#8243; down=&#8220;0&#8243;][vc_single_image image=&#8220;26781&#8243; img_size=&#8220;full&#8220;...\" \/>\r\n<meta property=\"og:url\" content=\"https:\/\/www.noserlight.ch\/home\/lichtratgeberledratgeberuebersicht\/\" \/>\r\n<meta property=\"og:site_name\" content=\"Noserlight AG, LED Leuchten und LED Lampen, LED, Licht, Lichtplanung\" \/>\r\n<meta property=\"article:publisher\" content=\"https:\/\/www.facebook.com\/noserlight\/\" \/>\r\n<meta property=\"article:modified_time\" content=\"2024-05-09T11:44:50+00:00\" \/>\r\n<meta name=\"twitter:card\" content=\"summary_large_image\" \/>\r\n<meta name=\"twitter:label1\" content=\"Gesch\u00e4tzte Lesezeit\" \/>\n\t<meta name=\"twitter:data1\" content=\"6\u00a0Minuten\" \/>\r\n<script type=\"application\/ld+json\" class=\"yoast-schema-graph\">{\"@context\":\"https:\/\/schema.org\",\"@graph\":[{\"@type\":\"WebPage\",\"@id\":\"https:\/\/www.noserlight.ch\/home\/lichtratgeberledratgeberuebersicht\/\",\"url\":\"https:\/\/www.noserlight.ch\/home\/lichtratgeberledratgeberuebersicht\/\",\"name\":\"Licht - und LED Ratgeber - Noserlight AG, LED Leuchten und LED Lampen, LED, Licht, Lichtplanung\",\"isPartOf\":{\"@id\":\"https:\/\/www.noserlight.ch\/home\/#website\"},\"datePublished\":\"2014-03-26T14:44:33+00:00\",\"dateModified\":\"2024-05-09T11:44:50+00:00\",\"breadcrumb\":{\"@id\":\"https:\/\/www.noserlight.ch\/home\/lichtratgeberledratgeberuebersicht\/#breadcrumb\"},\"inLanguage\":\"de\",\"potentialAction\":[{\"@type\":\"ReadAction\",\"target\":[\"https:\/\/www.noserlight.ch\/home\/lichtratgeberledratgeberuebersicht\/\"]}]},{\"@type\":\"BreadcrumbList\",\"@id\":\"https:\/\/www.noserlight.ch\/home\/lichtratgeberledratgeberuebersicht\/#breadcrumb\",\"itemListElement\":[{\"@type\":\"ListItem\",\"position\":1,\"name\":\"Startseite\",\"item\":\"https:\/\/www.noserlight.ch\/home\/\"},{\"@type\":\"ListItem\",\"position\":2,\"name\":\"Licht &#8211; und LED Ratgeber\"}]},{\"@type\":\"WebSite\",\"@id\":\"https:\/\/www.noserlight.ch\/home\/#website\",\"url\":\"https:\/\/www.noserlight.ch\/home\/\",\"name\":\"Noserlight AG, LED Leuchten und LED Lampen, LED, Licht, Lichtplanung\",\"description\":\"Bruchsch Liecht? D\u00e4 Nosi h\u00e4t&#039;s!\",\"publisher\":{\"@id\":\"https:\/\/www.noserlight.ch\/home\/#organization\"},\"potentialAction\":[{\"@type\":\"SearchAction\",\"target\":{\"@type\":\"EntryPoint\",\"urlTemplate\":\"https:\/\/www.noserlight.ch\/home\/?s={search_term_string}\"},\"query-input\":{\"@type\":\"PropertyValueSpecification\",\"valueRequired\":true,\"valueName\":\"search_term_string\"}}],\"inLanguage\":\"de\"},{\"@type\":\"Organization\",\"@id\":\"https:\/\/www.noserlight.ch\/home\/#organization\",\"name\":\"Noserlight AG, LED Leuchten und LED Lampen, LED, Licht, Lichtplanung\",\"url\":\"https:\/\/www.noserlight.ch\/home\/\",\"logo\":{\"@type\":\"ImageObject\",\"inLanguage\":\"de\",\"@id\":\"https:\/\/www.noserlight.ch\/home\/#\/schema\/logo\/image\/\",\"url\":\"https:\/\/www.noserlight.ch\/home\/wp-content\/uploads\/2022\/12\/NoserlightAG_Logo_mit_Schlirgg_NEU_1-1.png\",\"contentUrl\":\"https:\/\/www.noserlight.ch\/home\/wp-content\/uploads\/2022\/12\/NoserlightAG_Logo_mit_Schlirgg_NEU_1-1.png\",\"width\":482,\"height\":121,\"caption\":\"Noserlight AG, LED Leuchten und LED Lampen, LED, Licht, Lichtplanung\"},\"image\":{\"@id\":\"https:\/\/www.noserlight.ch\/home\/#\/schema\/logo\/image\/\"},\"sameAs\":[\"https:\/\/www.facebook.com\/noserlight\/\",\"https:\/\/www.instagram.com\/noserlight\/\"]}]}<\/script>\r\n<!-- \/ Yoast SEO plugin. -->","yoast_head_json":{"title":"Licht - und LED Ratgeber - Noserlight AG, LED Leuchten und LED Lampen, LED, Licht, Lichtplanung","robots":{"index":"index","follow":"follow","max-snippet":"max-snippet:-1","max-image-preview":"max-image-preview:large","max-video-preview":"max-video-preview:-1"},"canonical":"https:\/\/www.noserlight.ch\/home\/lichtratgeberledratgeberuebersicht\/","og_locale":"de_DE","og_type":"article","og_title":"Licht - und LED Ratgeber - Noserlight AG, LED Leuchten und LED Lampen, LED, Licht, Lichtplanung","og_description":"[vc_row css_animation=&#8220;&#8220; row_type=&#8220;row&#8220; use_row_as_full_screen_section=&#8220;no&#8220; type=&#8220;grid&#8220; angled_section=&#8220;no&#8220; text_align=&#8220;left&#8220; background_image_as_pattern=&#8220;without_pattern&#8220; padding_top=&#8220;87&#8243;][vc_column width=&#8220;1\/3&#8243;][vc_separator type=&#8220;transparent&#8220; up=&#8220;7&#8243; down=&#8220;0&#8243;][vc_single_image image=&#8220;26781&#8243; img_size=&#8220;full&#8220;...","og_url":"https:\/\/www.noserlight.ch\/home\/lichtratgeberledratgeberuebersicht\/","og_site_name":"Noserlight AG, LED Leuchten und LED Lampen, LED, Licht, Lichtplanung","article_publisher":"https:\/\/www.facebook.com\/noserlight\/","article_modified_time":"2024-05-09T11:44:50+00:00","twitter_card":"summary_large_image","twitter_misc":{"Gesch\u00e4tzte Lesezeit":"6\u00a0Minuten"},"schema":{"@context":"https:\/\/schema.org","@graph":[{"@type":"WebPage","@id":"https:\/\/www.noserlight.ch\/home\/lichtratgeberledratgeberuebersicht\/","url":"https:\/\/www.noserlight.ch\/home\/lichtratgeberledratgeberuebersicht\/","name":"Licht - und LED Ratgeber - Noserlight AG, LED Leuchten und LED Lampen, LED, Licht, Lichtplanung","isPartOf":{"@id":"https:\/\/www.noserlight.ch\/home\/#website"},"datePublished":"2014-03-26T14:44:33+00:00","dateModified":"2024-05-09T11:44:50+00:00","breadcrumb":{"@id":"https:\/\/www.noserlight.ch\/home\/lichtratgeberledratgeberuebersicht\/#breadcrumb"},"inLanguage":"de","potentialAction":[{"@type":"ReadAction","target":["https:\/\/www.noserlight.ch\/home\/lichtratgeberledratgeberuebersicht\/"]}]},{"@type":"BreadcrumbList","@id":"https:\/\/www.noserlight.ch\/home\/lichtratgeberledratgeberuebersicht\/#breadcrumb","itemListElement":[{"@type":"ListItem","position":1,"name":"Startseite","item":"https:\/\/www.noserlight.ch\/home\/"},{"@type":"ListItem","position":2,"name":"Licht &#8211; und LED Ratgeber"}]},{"@type":"WebSite","@id":"https:\/\/www.noserlight.ch\/home\/#website","url":"https:\/\/www.noserlight.ch\/home\/","name":"Noserlight AG, LED Leuchten und LED Lampen, LED, Licht, Lichtplanung","description":"Bruchsch Liecht? D\u00e4 Nosi h\u00e4t&#039;s!","publisher":{"@id":"https:\/\/www.noserlight.ch\/home\/#organization"},"potentialAction":[{"@type":"SearchAction","target":{"@type":"EntryPoint","urlTemplate":"https:\/\/www.noserlight.ch\/home\/?s={search_term_string}"},"query-input":{"@type":"PropertyValueSpecification","valueRequired":true,"valueName":"search_term_string"}}],"inLanguage":"de"},{"@type":"Organization","@id":"https:\/\/www.noserlight.ch\/home\/#organization","name":"Noserlight AG, LED Leuchten und LED Lampen, LED, Licht, Lichtplanung","url":"https:\/\/www.noserlight.ch\/home\/","logo":{"@type":"ImageObject","inLanguage":"de","@id":"https:\/\/www.noserlight.ch\/home\/#\/schema\/logo\/image\/","url":"https:\/\/www.noserlight.ch\/home\/wp-content\/uploads\/2022\/12\/NoserlightAG_Logo_mit_Schlirgg_NEU_1-1.png","contentUrl":"https:\/\/www.noserlight.ch\/home\/wp-content\/uploads\/2022\/12\/NoserlightAG_Logo_mit_Schlirgg_NEU_1-1.png","width":482,"height":121,"caption":"Noserlight AG, LED Leuchten und LED Lampen, LED, Licht, Lichtplanung"},"image":{"@id":"https:\/\/www.noserlight.ch\/home\/#\/schema\/logo\/image\/"},"sameAs":["https:\/\/www.facebook.com\/noserlight\/","https:\/\/www.instagram.com\/noserlight\/"]}]}},"_links":{"self":[{"href":"https:\/\/www.noserlight.ch\/home\/wp-json\/wp\/v2\/pages\/14093","targetHints":{"allow":["GET"]}}],"collection":[{"href":"https:\/\/www.noserlight.ch\/home\/wp-json\/wp\/v2\/pages"}],"about":[{"href":"https:\/\/www.noserlight.ch\/home\/wp-json\/wp\/v2\/types\/page"}],"author":[{"embeddable":true,"href":"https:\/\/www.noserlight.ch\/home\/wp-json\/wp\/v2\/users\/1"}],"replies":[{"embeddable":true,"href":"https:\/\/www.noserlight.ch\/home\/wp-json\/wp\/v2\/comments?post=14093"}],"version-history":[{"count":0,"href":"https:\/\/www.noserlight.ch\/home\/wp-json\/wp\/v2\/pages\/14093\/revisions"}],"wp:attachment":[{"href":"https:\/\/www.noserlight.ch\/home\/wp-json\/wp\/v2\/media?parent=14093"}],"curies":[{"name":"wp","href":"https:\/\/api.w.org\/{rel}","templated":true}]}}